{"id":64,"date":"2022-11-23T11:16:06","date_gmt":"2022-11-23T11:16:06","guid":{"rendered":"https:\/\/awplife.com\/demo\/formula-dark\/?page_id=10"},"modified":"2023-06-21T13:15:53","modified_gmt":"2023-06-21T13:15:53","slug":"about-us","status":"publish","type":"page","link":"https:\/\/qualitron-electronica.ro\/?page_id=64","title":{"rendered":"About Us"},"content":{"rendered":"\n<div class=\"wp-block-media-text alignwide is-stacked-on-mobile\"><figure class=\"wp-block-media-text__media\"><img decoding=\"async\" src=\"http:\/\/awplife.com\/demo\/formula\/wp-content\/uploads\/sites\/118\/2022\/09\/process-img-e1663579420259.png\" alt=\"\" class=\"wp-image-210 size-full\"\/><\/figure><div class=\"wp-block-media-text__content\">\n<p><\/p>\n\n\n\n<p>QUALITRON ELECTRONICA SRL este o societate cu raspundere limitata, persoana juridica rom\u00e2n\u0103 autonom\u0103, cu capital 100% privat.<br>Societatea are sediul social \u00een mediul rural \u00een sat URLETA din comuna B\u0102NE\u0218TI, strada BELU, nr. 218E, jude\u021bul PRAHOVA. <\/p>\n\n\n\n<p>Compania noastr\u0103 a desf\u0103\u0219urat de la \u00eenfiin\u021bare \u0219i p\u00e2n\u0103 \u00een prezent activitatea principal\u0103 declarat\u0103 \u0219i anume Cod CAEN 2611 \u2013 Fabricarea subansamblelor electronice (module).<\/p>\n\n\n\n<p>Qualitron Electronica SRL are \u00een dotare cele mai performante echipamente de produc\u021bie al\u0103turi de o echip\u0103 de profesioni\u0219ti.<\/p>\n\n\n\n<p><\/p>\n\n\n\n<p> <\/p>\n<\/div><\/div>\n\n\n\n<p><\/p>\n","protected":false},"excerpt":{"rendered":"<p>QUALITRON ELECTRONICA SRL este o societate cu raspundere limitata, persoana juridica rom\u00e2n\u0103 autonom\u0103, cu capital 100% privat.Societatea are sediul social \u00een mediul rural \u00een sat URLETA din comuna B\u0102NE\u0218TI, strada<\/p>\n<p><a href=\"https:\/\/qualitron-electronica.ro\/?page_id=64\" class=\"more-link\">Continue reading<span class=\"screen-reader-text\">About Us<\/span><\/a><\/p>\n","protected":false},"author":1,"featured_media":0,"parent":0,"menu_order":0,"comment_status":"closed","ping_status":"closed","template":"","meta":{"footnotes":""},"class_list":["post-64","page","type-page","status-publish","hentry"],"_links":{"self":[{"href":"https:\/\/qualitron-electronica.ro\/index.php?rest_route=\/wp\/v2\/pages\/64","targetHints":{"allow":["GET"]}}],"collection":[{"href":"https:\/\/qualitron-electronica.ro\/index.php?rest_route=\/wp\/v2\/pages"}],"about":[{"href":"https:\/\/qualitron-electronica.ro\/index.php?rest_route=\/wp\/v2\/types\/page"}],"author":[{"embeddable":true,"href":"https:\/\/qualitron-electronica.ro\/index.php?rest_route=\/wp\/v2\/users\/1"}],"replies":[{"embeddable":true,"href":"https:\/\/qualitron-electronica.ro\/index.php?rest_route=%2Fwp%2Fv2%2Fcomments&post=64"}],"version-history":[{"count":2,"href":"https:\/\/qualitron-electronica.ro\/index.php?rest_route=\/wp\/v2\/pages\/64\/revisions"}],"predecessor-version":[{"id":82,"href":"https:\/\/qualitron-electronica.ro\/index.php?rest_route=\/wp\/v2\/pages\/64\/revisions\/82"}],"wp:attachment":[{"href":"https:\/\/qualitron-electronica.ro\/index.php?rest_route=%2Fwp%2Fv2%2Fmedia&parent=64"}],"curies":[{"name":"wp","href":"https:\/\/api.w.org\/{rel}","templated":true}]}}